{"id":60,"date":"2020-02-09T16:04:42","date_gmt":"2020-02-09T15:04:42","guid":{"rendered":"http:\/\/www.ricordandoludovica.org\/new\/?page_id=60"},"modified":"2021-11-19T16:02:21","modified_gmt":"2021-11-19T15:02:21","slug":"casa-ludovica","status":"publish","type":"page","link":"http:\/\/www.ricordandoludovica.org\/new\/casa-ludovica\/","title":{"rendered":"Casa Ludovica"},"content":{"rendered":"\n<p class=\"has-normal-font-size\">Finalmente il nostro progetto \u00e8 diventato realt\u00e0: Casa Ludovica \u00e8 stata inaugurata il 26 febbraio.<\/p>\n\n\n\n<p class=\"has-normal-font-size\">Una cerimonia semplice ed emozionante con il classico taglio del nastro che ha aperto ufficialmente la porta di Casa Ludovica.<\/p>\n\n\n\n<div class=\"wp-block-columns is-layout-flex wp-container-core-columns-layout-1 wp-block-columns-is-layout-flex\">\n<div class=\"wp-block-column is-layout-flow wp-block-column-is-layout-flow\">\n<figure class=\"wp-block-video aligncenter\" style=\"max-width: 100%;\"><video controls=\"\" src=\"http:\/\/www.ricordandoludovica.org\/new\/wp-content\/uploads\/2020\/02\/inaugurazione-casa-ricordando-ludovica.mp4\"><\/video><\/figure>\n<\/div>\n\n\n\n<div class=\"wp-block-column is-layout-flow wp-block-column-is-layout-flow\">\n<figure class=\"wp-block-video aligncenter\" style=\"max-width: 100%;\"><video controls=\"\" src=\"http:\/\/www.ricordandoludovica.org\/new\/wp-content\/uploads\/2021\/11\/Video-TRM.mp4\"><\/video><\/figure>\n<\/div>\n\n\n\n<div class=\"wp-block-column is-layout-flow wp-block-column-is-layout-flow\">\n<figure class=\"wp-block-video aligncenter\" style=\"max-width: 100%;\"><video controls=\"\" src=\"http:\/\/www.ricordandoludovica.org\/new\/wp-content\/uploads\/2021\/11\/Casa-Ludovica-Hercole-New.mp4\"><\/video><\/figure>\n<\/div>\n<\/div>\n\n\n\n<p class=\"has-normal-font-size\">Erano presenti oltre i soci fondatori, coloro che hanno creduto nel nostro sogno, in particolare l&#8217;Assessore Luciano Abbonato, il Presidente dell&#8217;ASLT liberi di crescere, avv. Giuseppe Lentini, il primario del reparto di oncologia dott Paolo D&#8217;Angelo, il presidente del Movimento Poliziotti sig Vittorio Costantini, la pittrice Stefania Bruno (che ha arricchito le pareti con splendidi murales) e tanti altri amici che ci hanno sostenuto e continuano a farlo.<\/p>\n\n\n\n<p class=\"has-normal-font-size\">&#8220;Casa Ludovica&#8221; \u00e8 un appartamento luminoso e &#8220;sorridente&#8221; al nono piano di un bel palazzo sito in via Luigi Zancla, nelle immediate vicinanze del reparto di oncoematologia pediatrica dell&#8217;Ospedale Civico di Palermo, quindi facilmente raggiungibile anche a piedi in pochissimi minuti.<\/p>\n\n\n\n<p class=\"has-normal-font-size\">In questa casa i genitori dei piccoli malati e loro stessi trovano il necessario per affrontare la permanenza, a volte lunga, in una citt\u00e0 che non \u00e8 la loro. Tutto \u00e8 stato pensato per agevolarli. L&#8217;arredo \u00e8 semplice e funzionale. <br>La CUCINA ha, oltre agli elettrodomestici e mobili pertinenti, stoviglie e tovogliato e una piccola dispenza con alimenti a lunga conservazione. <br>La LAVANDERIA \u00e8 dotata degli elettrodomestici necessari. <br>Le CAMERE (tre) sono dotate di due lettini, armadio, comodini, scrivania. <br>La ZONA COMUNE \u00e8 arredata con due grandi divani e una parete attrezzata, in cui \u00e8 presente un grande televisore e una wii, oltre a giochi didattici per i bambini.<\/p>\n\n\n\n<p class=\"has-normal-font-size\">Le pareti delle stanze e dell&#8217;area comune sono state arricchite da murales frutto dei talento della pittrice Stefania Bruno, per cui le tre camerette non sono freddamente numerate, ma denominate con i disegni che le caratterizzano: stanza dell&#8217;albero, stanza del trenino, stanza del carillon.<\/p>\n\n\n\n<figure class=\"wp-block-embed-youtube aligncenter wp-block-embed is-type-video is-provider-youtube wp-embed-aspect-4-3 wp-has-aspect-ratio\"><div class=\"wp-block-embed__wrapper\">\n<iframe loading=\"lazy\" title=\"L&#039;inaugurazione di Casa Ludovica\" width=\"500\" height=\"375\" src=\"https:\/\/www.youtube.com\/embed\/gmA-h_D1HpQ?feature=oembed\" frameborder=\"0\" allow=\"accelerometer; autoplay; clipboard-write; encrypted-media; gyroscope; picture-in-picture\" allowfullscreen><\/iframe>\n<\/div><\/figure>\n\n\n\n<p style=\"font-size:18px\"><em>La&nbsp;permanenza degli ospiti \u00e8 <strong>assolutamente gratuita<\/strong>, quindi&nbsp;&#8220;Casa Ludovica&#8221; <strong>si sostiene attraverso la beneficenza<\/strong> e con l&#8217;aiuto di sostenitori che credono nella nostra volont\u00e0 di tendere la mano a chi ha bisogno, per questo motivo la nostra gratitudine va a tutte queste persone, perch\u00e8 senza di loro non ce l&#8217;avremmo fatta.<\/em><\/p>\n\n\n\n<p><a rel=\"noreferrer noopener\" aria-label=\"Visualizza le foto della casa (apre in una nuova scheda)\" href=\"http:\/\/www.ricordandoludovica.org\/new\/galleria-fotografica\/\" target=\"_blank\"><strong style=\"color: #f25f43; font-size: 20px\">Visualizza le foto della casa<\/strong><\/a><\/p>\n\n\n\n<a href=\"http:\/\/www.ricordandoludovica.org\/new\/galleria-fotografica\/\"><figure class=\"wp-block-image size-large is-resized\"><img loading=\"lazy\" decoding=\"async\" src=\"http:\/\/www.ricordandoludovica.org\/new\/wp-content\/uploads\/2021\/03\/IMG_20181124_103558-scaled-1.jpg\" alt=\"\" class=\"wp-image-376\" width=\"300\" height=\"233\"><\/figure><\/a>\n","protected":false},"excerpt":{"rendered":"<p>Finalmente il nostro progetto \u00e8 diventato realt\u00e0: Casa Ludovica \u00e8 stata inaugurata il 26 febbraio. Una cerimonia semplice ed emozionante con il classico taglio del nastro che ha aperto ufficialmente la porta di Casa Ludovica. Erano presenti oltre i soci fondatori, coloro che hanno creduto nel nostro sogno, in particolare l&#8217;Assessore Luciano Abbonato, il Presidente&#8230; <\/p>\n","protected":false},"author":1,"featured_media":0,"parent":0,"menu_order":0,"comment_status":"closed","ping_status":"closed","template":"","meta":{"footnotes":""},"_links":{"self":[{"href":"http:\/\/www.ricordandoludovica.org\/new\/wp-json\/wp\/v2\/pages\/60"}],"collection":[{"href":"http:\/\/www.ricordandoludovica.org\/new\/wp-json\/wp\/v2\/pages"}],"about":[{"href":"http:\/\/www.ricordandoludovica.org\/new\/wp-json\/wp\/v2\/types\/page"}],"author":[{"embeddable":true,"href":"http:\/\/www.ricordandoludovica.org\/new\/wp-json\/wp\/v2\/users\/1"}],"replies":[{"embeddable":true,"href":"http:\/\/www.ricordandoludovica.org\/new\/wp-json\/wp\/v2\/comments?post=60"}],"version-history":[{"count":29,"href":"http:\/\/www.ricordandoludovica.org\/new\/wp-json\/wp\/v2\/pages\/60\/revisions"}],"predecessor-version":[{"id":430,"href":"http:\/\/www.ricordandoludovica.org\/new\/wp-json\/wp\/v2\/pages\/60\/revisions\/430"}],"wp:attachment":[{"href":"http:\/\/www.ricordandoludovica.org\/new\/wp-json\/wp\/v2\/media?parent=60"}],"curies":[{"name":"wp","href":"https:\/\/api.w.org\/{rel}","templated":true}]}}